{"id":1475,"date":"2015-07-02T15:44:56","date_gmt":"2015-07-02T15:44:56","guid":{"rendered":"http:\/\/www.northern-moments.com\/sv\/news\/"},"modified":"2017-04-06T14:47:46","modified_gmt":"2017-04-06T12:47:46","slug":"nyheter","status":"publish","type":"page","link":"https:\/\/www.northern-moments.com\/sv\/nyheter\/","title":{"rendered":"Nyheter"},"content":{"rendered":"<div class=\"fusion-fullwidth fullwidth-box fusion-builder-row-1 fusion-flex-container nonhundred-percent-fullwidth non-hundred-percent-height-scrolling\" style=\"--awb-background-position:left top;--awb-border-color:#e2e2e2;--awb-border-radius-top-left:0px;--awb-border-radius-top-right:0px;--awb-border-radius-bottom-right:0px;--awb-border-radius-bottom-left:0px;--awb-padding-top:110px;--awb-padding-bottom:110px;--awb-background-color:#ffffff;--awb-border-sizes-top:1px;--awb-border-sizes-bottom:1px;--awb-flex-wrap:wrap;\" ><div class=\"fusion-builder-row fusion-row fusion-flex-align-items-flex-start fusion-flex-content-wrap\" style=\"max-width:calc( 1170px + 0px );margin-left: calc(-0px \/ 2 );margin-right: calc(-0px \/ 2 );\"><div class=\"fusion-layout-column fusion_builder_column fusion-builder-column-0 fusion_builder_column_1_1 1_1 fusion-flex-column fusion-flex-align-self-flex-start fusion-column-no-min-height\" style=\"--awb-bg-size:cover;--awb-width-large:100%;--awb-margin-top-large:0px;--awb-spacing-right-large:0px;--awb-margin-bottom-large:0px;--awb-spacing-left-large:0px;--awb-width-medium:100%;--awb-spacing-right-medium:0px;--awb-spacing-left-medium:0px;--awb-width-small:100%;--awb-spacing-right-small:0px;--awb-spacing-left-small:0px;\"><div class=\"fusion-column-wrapper fusion-flex-justify-content-flex-start fusion-content-layout-column\"><div class=\"fusion-separator fusion-full-width-sep\" style=\"align-self: center;margin-left: auto;margin-right: auto;width:100%;\"><div class=\"fusion-separator-border sep-single sep-solid\" style=\"--awb-height:20px;--awb-amount:20px;--awb-sep-color:#55a098;border-color:#55a098;border-top-width:5px;\"><\/div><\/div><\/div><\/div><div class=\"fusion-layout-column fusion_builder_column fusion-builder-column-1 fusion_builder_column_1_1 1_1 fusion-flex-column green-border rounded-border\" style=\"--awb-padding-top:60px;--awb-padding-right:60px;--awb-padding-bottom:0px;;--awb-padding-left:60px;--awb-bg-color:#ffffff;--awb-bg-color-hover:#ffffff;--awb-bg-size:cover;--awb-border-color:#e2e2e2;--awb-border-top:1px;--awb-border-right:1px;--awb-border-bottom:1px;--awb-border-left:1px;--awb-border-style:solid;--awb-width-large:100%;--awb-margin-top-large:0px;--awb-spacing-right-large:0px;--awb-margin-bottom-large:20px;--awb-spacing-left-large:0px;--awb-width-medium:100%;--awb-spacing-right-medium:0px;--awb-spacing-left-medium:0px;--awb-width-small:100%;--awb-spacing-right-small:0px;--awb-spacing-left-small:0px;\"><div class=\"fusion-column-wrapper fusion-flex-justify-content-flex-start fusion-content-layout-column\"><div class=\"fusion-recent-posts fusion-recent-posts-1 avada-container layout-thumbnails-on-side layout-columns-1\"><section class=\"fusion-columns columns fusion-columns-1 columns-1\"><article class=\"post fusion-column column col col-lg-12 col-md-12 col-sm-12\"><div class=\"fusion-flexslider fusion-flexslider-loading flexslider floated-slideshow flexslider-hover-type-zoomin\"><ul class=\"slides\"><li><a href=\"https:\/\/www.northern-moments.com\/sv\/sommar-och-hoest-2020\/\" aria-label=\"Sommar och h\u00f6st 2020\" class=\"hover-type-zoomin\"><img decoding=\"async\" width=\"177\" height=\"142\" src=\"https:\/\/www.northern-moments.com\/wp-content\/uploads\/Galerie_27-177x142.jpg\" class=\"attachment-portfolio-five size-portfolio-five\" alt=\"\" \/><\/a><\/li><\/ul><\/div><div class=\"recent-posts-content\"><span class=\"vcard\" style=\"display: none;\"><span class=\"fn\"><a href=\"https:\/\/www.northern-moments.com\/sv\/author\/admin\/\" title=\"Inl\u00e4gg av admin\" rel=\"author\">admin<\/a><\/span><\/span><span class=\"updated\" style=\"display:none;\">2020-06-29T11:59:23+02:00<\/span><h4 class=\"entry-title\"><a href=\"https:\/\/www.northern-moments.com\/sv\/sommar-och-hoest-2020\/\">Sommar och h\u00f6st 2020<\/a><\/h4><p class=\"meta\"><span class=\"vcard\" style=\"display: none;\"><span class=\"fn\"><a href=\"https:\/\/www.northern-moments.com\/sv\/author\/admin\/\" title=\"Inl\u00e4gg av admin\" rel=\"author\">admin<\/a><\/span><\/span><span class=\"updated\" style=\"display:none;\">2020-06-29T11:59:23+02:00<\/span><span>29 juni, 2020<\/span><span class=\"fusion-inline-sep\">|<\/span><span class=\"fusion-comments\"><a href=\"https:\/\/www.northern-moments.com\/sv\/sommar-och-hoest-2020\/#respond\">0 Comments<\/a><\/span><\/p><p><\/p><p>     Huskytrekking \u2013 den perfekta upplevelsen f\u00f6r barnfamiljer  [\u2026]<\/p>\n<\/div><\/article><article class=\"post fusion-column column col col-lg-12 col-md-12 col-sm-12\"><div class=\"fusion-flexslider fusion-flexslider-loading flexslider floated-slideshow flexslider-hover-type-zoomin\"><ul class=\"slides\"><li><a href=\"https:\/\/www.northern-moments.com\/sv\/flyg\/\" aria-label=\"Flyg\" class=\"hover-type-zoomin\"><img decoding=\"async\" width=\"177\" height=\"142\" src=\"https:\/\/www.northern-moments.com\/wp-content\/uploads\/Airline-177x142.jpg\" class=\"attachment-portfolio-five size-portfolio-five\" alt=\"\" \/><\/a><\/li><\/ul><\/div><div class=\"recent-posts-content\"><span class=\"vcard\" style=\"display: none;\"><span class=\"fn\"><a href=\"https:\/\/www.northern-moments.com\/sv\/author\/admin\/\" title=\"Inl\u00e4gg av admin\" rel=\"author\">admin<\/a><\/span><\/span><span class=\"updated\" style=\"display:none;\">2019-11-05T13:04:51+01:00<\/span><h4 class=\"entry-title\"><a href=\"https:\/\/www.northern-moments.com\/sv\/flyg\/\">Flyg<\/a><\/h4><p class=\"meta\"><span class=\"vcard\" style=\"display: none;\"><span class=\"fn\"><a href=\"https:\/\/www.northern-moments.com\/sv\/author\/admin\/\" title=\"Inl\u00e4gg av admin\" rel=\"author\">admin<\/a><\/span><\/span><span class=\"updated\" style=\"display:none;\">2019-11-05T13:04:51+01:00<\/span><span>5 november, 2019<\/span><span class=\"fusion-inline-sep\">|<\/span><span class=\"fusion-comments\"><span>Kommentarer inaktiverade<span class=\"screen-reader-text\"> f\u00f6r Flyg<\/span><\/span><\/span><\/p><p> Flyg fr\u00e5n Stockholm\/Arlanda till SVEG kan man boka p\u00e5 www.jonair.se. De kostar ungef\u00e4r 600:-    <\/p><\/div><\/article><article class=\"post fusion-column column col col-lg-12 col-md-12 col-sm-12\"><div class=\"fusion-flexslider fusion-flexslider-loading flexslider floated-slideshow flexslider-hover-type-zoomin\"><ul class=\"slides\"><li><a href=\"https:\/\/www.northern-moments.com\/sv\/unsere-ranch-ist-fertig-2\/\" aria-label=\"Husky \u00e4ventyr p\u00e5 h\u00f6stlovet\" class=\"hover-type-zoomin\"><img decoding=\"async\" width=\"177\" height=\"142\" src=\"https:\/\/www.northern-moments.com\/wp-content\/uploads\/Galerie_2016_1-177x142.jpg\" class=\"attachment-portfolio-five size-portfolio-five\" alt=\"\" \/><\/a><\/li><\/ul><\/div><div class=\"recent-posts-content\"><span class=\"vcard\" style=\"display: none;\"><span class=\"fn\"><a href=\"https:\/\/www.northern-moments.com\/sv\/author\/admin\/\" title=\"Inl\u00e4gg av admin\" rel=\"author\">admin<\/a><\/span><\/span><span class=\"updated\" style=\"display:none;\">2018-10-15T13:27:50+02:00<\/span><h4 class=\"entry-title\"><a href=\"https:\/\/www.northern-moments.com\/sv\/unsere-ranch-ist-fertig-2\/\">Husky \u00e4ventyr p\u00e5 h\u00f6stlovet<\/a><\/h4><p class=\"meta\"><span class=\"vcard\" style=\"display: none;\"><span class=\"fn\"><a href=\"https:\/\/www.northern-moments.com\/sv\/author\/admin\/\" title=\"Inl\u00e4gg av admin\" rel=\"author\">admin<\/a><\/span><\/span><span class=\"updated\" style=\"display:none;\">2018-10-15T13:27:50+02:00<\/span><span>15 oktober, 2018<\/span><span class=\"fusion-inline-sep\">|<\/span><span class=\"fusion-comments\"><a href=\"https:\/\/www.northern-moments.com\/sv\/unsere-ranch-ist-fertig-2\/#respond\">0 Comments<\/a><\/span><\/p><p>Huskytur med fika En h\u00e4rlig tur p\u00e5 2 timmar med hundspann och fika p\u00e5 en fin plats i skogen Perfekt f\u00f6r barnfamiljer L\u00e4ngd: ca 2 timmar Pris: [...]<\/p><\/div><\/article><article class=\"post fusion-column column col col-lg-12 col-md-12 col-sm-12\"><div class=\"fusion-flexslider fusion-flexslider-loading flexslider floated-slideshow flexslider-hover-type-zoomin\"><ul class=\"slides\"><li><a href=\"https:\/\/www.northern-moments.com\/sv\/unsere-ranch-ist-fertig\/\" aria-label=\"V\u00e5r g\u00e5rd \u00e4r f\u00e4rdig!\" class=\"hover-type-zoomin\"><img decoding=\"async\" width=\"177\" height=\"142\" src=\"https:\/\/www.northern-moments.com\/wp-content\/uploads\/news_1-177x142.jpg\" class=\"attachment-portfolio-five size-portfolio-five\" alt=\"\" \/><\/a><\/li><\/ul><\/div><div class=\"recent-posts-content\"><span class=\"vcard\" style=\"display: none;\"><span class=\"fn\"><a href=\"https:\/\/www.northern-moments.com\/sv\/author\/admin\/\" title=\"Inl\u00e4gg av admin\" rel=\"author\">admin<\/a><\/span><\/span><span class=\"updated\" style=\"display:none;\">2017-04-06T14:47:47+02:00<\/span><h4 class=\"entry-title\"><a href=\"https:\/\/www.northern-moments.com\/sv\/unsere-ranch-ist-fertig\/\">V\u00e5r g\u00e5rd \u00e4r f\u00e4rdig!<\/a><\/h4><p class=\"meta\"><span class=\"vcard\" style=\"display: none;\"><span class=\"fn\"><a href=\"https:\/\/www.northern-moments.com\/sv\/author\/admin\/\" title=\"Inl\u00e4gg av admin\" rel=\"author\">admin<\/a><\/span><\/span><span class=\"updated\" style=\"display:none;\">2017-04-06T14:47:47+02:00<\/span><span>13 november, 2016<\/span><span class=\"fusion-inline-sep\">|<\/span><span class=\"fusion-comments\"><span>Kommentarer inaktiverade<span class=\"screen-reader-text\"> f\u00f6r V\u00e5r g\u00e5rd \u00e4r f\u00e4rdig!<\/span><\/span><\/span><\/p><p>Efter flera m\u00e5naders om- och tillbyggnadsarbeten \u00e4r v\u00e5r g\u00e5rd i Sverige nu f\u00e4rdig. En helt underbar plats f\u00f6r m\u00e4nniska och djur. Fr\u00e5n och med februar 2017 erbjuder [...]<\/p><\/div><\/article><article class=\"post fusion-column column col col-lg-12 col-md-12 col-sm-12\"><div class=\"fusion-flexslider fusion-flexslider-loading flexslider floated-slideshow flexslider-hover-type-zoomin\"><ul class=\"slides\"><li><a href=\"https:\/\/www.northern-moments.com\/sv\/neugestaltung-gelaende\/\" aria-label=\"Nyanl\u00e4ggning p\u00e5 g\u00e5rden\" class=\"hover-type-zoomin\"><img decoding=\"async\" width=\"177\" height=\"142\" src=\"https:\/\/www.northern-moments.com\/wp-content\/uploads\/Gestaltung_2-177x142.jpg\" class=\"attachment-portfolio-five size-portfolio-five\" alt=\"\" srcset=\"https:\/\/www.northern-moments.com\/wp-content\/uploads\/Gestaltung_2-147x118.jpg 147w, https:\/\/www.northern-moments.com\/wp-content\/uploads\/Gestaltung_2-177x142.jpg 177w\" sizes=\"(max-width: 177px) 100vw, 177px\" \/><\/a><\/li><\/ul><\/div><div class=\"recent-posts-content\"><span class=\"vcard\" style=\"display: none;\"><span class=\"fn\"><a href=\"https:\/\/www.northern-moments.com\/sv\/author\/admin\/\" title=\"Inl\u00e4gg av admin\" rel=\"author\">admin<\/a><\/span><\/span><span class=\"updated\" style=\"display:none;\">2017-04-06T14:47:47+02:00<\/span><h4 class=\"entry-title\"><a href=\"https:\/\/www.northern-moments.com\/sv\/neugestaltung-gelaende\/\">Nyanl\u00e4ggning p\u00e5 g\u00e5rden<\/a><\/h4><p class=\"meta\"><span class=\"vcard\" style=\"display: none;\"><span class=\"fn\"><a href=\"https:\/\/www.northern-moments.com\/sv\/author\/admin\/\" title=\"Inl\u00e4gg av admin\" rel=\"author\">admin<\/a><\/span><\/span><span class=\"updated\" style=\"display:none;\">2017-04-06T14:47:47+02:00<\/span><span>11 november, 2016<\/span><span class=\"fusion-inline-sep\">|<\/span><span class=\"fusion-comments\"><span>Kommentarer inaktiverade<span class=\"screen-reader-text\"> f\u00f6r Nyanl\u00e4ggning p\u00e5 g\u00e5rden<\/span><\/span><\/span><\/p><p>Vi utformar terr\u00e4ngen f\u00f6r m\u00e4nniska och hund!      <\/p><\/div><\/article><\/section><\/div><\/div><\/div><\/div><\/div>\n","protected":false},"excerpt":{"rendered":"","protected":false},"author":1,"featured_media":0,"parent":0,"menu_order":0,"comment_status":"closed","ping_status":"open","template":"100-width.php","meta":{"footnotes":""},"aioseo_notices":[],"_links":{"self":[{"href":"https:\/\/www.northern-moments.com\/sv\/wp-json\/wp\/v2\/pages\/1475"}],"collection":[{"href":"https:\/\/www.northern-moments.com\/sv\/wp-json\/wp\/v2\/pages"}],"about":[{"href":"https:\/\/www.northern-moments.com\/sv\/wp-json\/wp\/v2\/types\/page"}],"author":[{"embeddable":true,"href":"https:\/\/www.northern-moments.com\/sv\/wp-json\/wp\/v2\/users\/1"}],"replies":[{"embeddable":true,"href":"https:\/\/www.northern-moments.com\/sv\/wp-json\/wp\/v2\/comments?post=1475"}],"version-history":[{"count":4,"href":"https:\/\/www.northern-moments.com\/sv\/wp-json\/wp\/v2\/pages\/1475\/revisions"}],"predecessor-version":[{"id":1640,"href":"https:\/\/www.northern-moments.com\/sv\/wp-json\/wp\/v2\/pages\/1475\/revisions\/1640"}],"wp:attachment":[{"href":"https:\/\/www.northern-moments.com\/sv\/wp-json\/wp\/v2\/media?parent=1475"}],"curies":[{"name":"wp","href":"https:\/\/api.w.org\/{rel}","templated":true}]}}