{"id":1477,"date":"2015-02-20T20:12:25","date_gmt":"2015-02-20T20:12:25","guid":{"rendered":"http:\/\/www.northern-moments.com\/sv\/projekte\/"},"modified":"2017-04-06T14:47:47","modified_gmt":"2017-04-06T12:47:47","slug":"projekt","status":"publish","type":"page","link":"https:\/\/www.northern-moments.com\/sv\/projekt\/","title":{"rendered":"Projekt"},"content":{"rendered":"<div class=\"fusion-fullwidth fullwidth-box fusion-builder-row-1 fusion-flex-container nonhundred-percent-fullwidth non-hundred-percent-height-scrolling\" style=\"--awb-background-position:left top;--awb-border-color:#e2e2e2;--awb-border-radius-top-left:0px;--awb-border-radius-top-right:0px;--awb-border-radius-bottom-right:0px;--awb-border-radius-bottom-left:0px;--awb-padding-top:110px;--awb-padding-bottom:110px;--awb-background-color:#ffffff;--awb-border-sizes-top:1px;--awb-border-sizes-bottom:1px;--awb-flex-wrap:wrap;\" ><div class=\"fusion-builder-row fusion-row fusion-flex-align-items-flex-start fusion-flex-content-wrap\" style=\"max-width:1216.8px;margin-left: calc(-4% \/ 2 );margin-right: calc(-4% \/ 2 );\"><div class=\"fusion-layout-column fusion_builder_column fusion-builder-column-0 fusion_builder_column_1_1 1_1 fusion-flex-column\" style=\"--awb-bg-size:cover;--awb-width-large:100%;--awb-margin-top-large:0px;--awb-spacing-right-large:1.92%;--awb-margin-bottom-large:20px;--awb-spacing-left-large:1.92%;--awb-width-medium:100%;--awb-spacing-right-medium:1.92%;--awb-spacing-left-medium:1.92%;--awb-width-small:100%;--awb-spacing-right-small:1.92%;--awb-spacing-left-small:1.92%;\"><div class=\"fusion-column-wrapper fusion-flex-justify-content-flex-start fusion-content-layout-column\"><div class=\"fusion-title title fusion-title-1 fusion-sep-none fusion-title-text fusion-title-size-two\"><h2 class=\"fusion-title-heading title-heading-left fusion-responsive-typography-calculated\" style=\"margin:0;--fontSize:28;line-height:1.21;\">Lov f\u00f6r alla barn<\/h2><\/div><div class=\"fusion-text fusion-text-1\"><p>F\u00f6r tv\u00e5 \u00e5r sedan startade vi en ideell f\u00f6rening &#8211; <strong>&#8221;Lov f\u00f6r alla barn&#8221;<\/strong>. Meningen med f\u00f6reningen \u00e4r att g\u00f6ra det m\u00f6jligt f\u00f6r barn, oberoende av vilken finansiell eller social bakgrund de har, att f\u00e5 upplevela n\u00e5got alldeles speciellt med djur i naturen.<\/p>\n<p>H\u00f6sten 2014 b\u00f6rjade vi v\u00e5rt <strong>pilotprojekt i Sverige <\/strong>&#8211;\u00a0 12 barn fr\u00e5n tv\u00e5 olika barnhem och deras v\u00e5rdare, kunde tillbringa h\u00e4rliga dagar med m\u00e5nga sp\u00e4nnande upplevelser (vandring, fiske, ridning, grillning vid l\u00e4gerelden mm.) i H\u00e4rjedalen.<\/p>\n<p>&#8221;Sommarcampen&#8221; blev finansierad genom fadderskap och bidrag fr\u00e5n olika privata sponsorer och f\u00f6retag.<\/p>\n<p>Fler &#8221;camper&#8221; f\u00f6ljde <strong>sommaren 2015 i \u00d6sterrike<\/strong> (Angerberg\/Tirol).<\/p>\n<\/div><\/div><\/div><div class=\"fusion-layout-column fusion_builder_column fusion-builder-column-1 fusion_builder_column_1_1 1_1 fusion-flex-column fusion-flex-align-self-flex-start fusion-column-no-min-height\" style=\"--awb-bg-size:cover;--awb-width-large:100%;--awb-margin-top-large:0px;--awb-spacing-right-large:1.92%;--awb-margin-bottom-large:0px;--awb-spacing-left-large:1.92%;--awb-width-medium:100%;--awb-spacing-right-medium:1.92%;--awb-spacing-left-medium:1.92%;--awb-width-small:100%;--awb-spacing-right-small:1.92%;--awb-spacing-left-small:1.92%;\"><div class=\"fusion-column-wrapper fusion-flex-justify-content-flex-start fusion-content-layout-column\"><div class=\"fusion-separator\" style=\"align-self: center;margin-left: auto;margin-right: auto;margin-top:20px;margin-bottom:0px;width:100%;max-width:170px;\"><\/div><\/div><\/div><div class=\"fusion-layout-column fusion_builder_column fusion-builder-column-2 fusion_builder_column_1_4 1_4 fusion-flex-column\" style=\"--awb-bg-size:cover;--awb-width-large:25%;--awb-margin-top-large:0px;--awb-spacing-right-large:7.68%;--awb-margin-bottom-large:20px;--awb-spacing-left-large:7.68%;--awb-width-medium:25%;--awb-spacing-right-medium:7.68%;--awb-spacing-left-medium:7.68%;--awb-width-small:100%;--awb-spacing-right-small:1.92%;--awb-spacing-left-small:1.92%;\"><div class=\"fusion-column-wrapper fusion-flex-justify-content-flex-start fusion-content-layout-column\"><div class=\"fusion-image-element \" style=\"--awb-caption-title-font-family:var(--h2_typography-font-family);--awb-caption-title-font-weight:var(--h2_typography-font-weight);--awb-caption-title-font-style:var(--h2_typography-font-style);--awb-caption-title-size:var(--h2_typography-font-size);--awb-caption-title-transform:var(--h2_typography-text-transform);--awb-caption-title-line-height:var(--h2_typography-line-height);--awb-caption-title-letter-spacing:var(--h2_typography-letter-spacing);\"><span class=\" fusion-imageframe imageframe-none imageframe-1 hover-type-zoomin\"><a href=\"https:\/\/www.northern-moments.com\/wp-content\/uploads\/2015\/02\/Kind_2.jpg\" class=\"fusion-lightbox\" data-rel=\"iLightbox[7157d7c6a98b1aaa9ff]\" data-title=\"Kind_2\" title=\"Kind_2\"><img decoding=\"async\" width=\"596\" height=\"750\" src=\"https:\/\/www.northern-moments.com\/wp-content\/uploads\/2015\/02\/Kind_2.jpg\" alt class=\"img-responsive wp-image-1940\" srcset=\"https:\/\/www.northern-moments.com\/wp-content\/uploads\/2015\/02\/Kind_2-238x300.jpg 238w, https:\/\/www.northern-moments.com\/wp-content\/uploads\/2015\/02\/Kind_2.jpg 596w\" sizes=\"(max-width: 596px) 100vw, 596px\" \/><\/a><\/span><\/div><\/div><\/div><div class=\"fusion-layout-column fusion_builder_column fusion-builder-column-3 fusion_builder_column_1_2 1_2 fusion-flex-column\" style=\"--awb-bg-size:cover;--awb-width-large:50%;--awb-margin-top-large:0px;--awb-spacing-right-large:3.84%;--awb-margin-bottom-large:20px;--awb-spacing-left-large:3.84%;--awb-width-medium:50%;--awb-spacing-right-medium:3.84%;--awb-spacing-left-medium:3.84%;--awb-width-small:100%;--awb-spacing-right-small:1.92%;--awb-spacing-left-small:1.92%;\"><div class=\"fusion-column-wrapper fusion-flex-justify-content-flex-start fusion-content-layout-column\"><div class=\"fusion-image-element \" style=\"text-align:center;--awb-caption-title-font-family:var(--h2_typography-font-family);--awb-caption-title-font-weight:var(--h2_typography-font-weight);--awb-caption-title-font-style:var(--h2_typography-font-style);--awb-caption-title-size:var(--h2_typography-font-size);--awb-caption-title-transform:var(--h2_typography-text-transform);--awb-caption-title-line-height:var(--h2_typography-line-height);--awb-caption-title-letter-spacing:var(--h2_typography-letter-spacing);\"><span class=\" fusion-imageframe imageframe-none imageframe-2 hover-type-zoomin\"><a href=\"https:\/\/www.northern-moments.com\/wp-content\/uploads\/2015\/02\/Kind_3.jpg\" class=\"fusion-lightbox\" data-rel=\"iLightbox[0addd51ddd6aa1b6711]\" data-title=\"Kind_3\" title=\"Kind_3\"><img decoding=\"async\" width=\"1124\" height=\"650\" src=\"https:\/\/www.northern-moments.com\/wp-content\/uploads\/2015\/02\/Kind_3.jpg\" alt class=\"img-responsive wp-image-1942\" srcset=\"https:\/\/www.northern-moments.com\/wp-content\/uploads\/2015\/02\/Kind_3-300x173.jpg 300w, https:\/\/www.northern-moments.com\/wp-content\/uploads\/2015\/02\/Kind_3-768x444.jpg 768w, https:\/\/www.northern-moments.com\/wp-content\/uploads\/2015\/02\/Kind_3-1024x592.jpg 1024w, https:\/\/www.northern-moments.com\/wp-content\/uploads\/2015\/02\/Kind_3.jpg 1124w\" sizes=\"(max-width: 1124px) 100vw, 1124px\" \/><\/a><\/span><\/div><\/div><\/div><div class=\"fusion-layout-column fusion_builder_column fusion-builder-column-4 fusion_builder_column_1_4 1_4 fusion-flex-column\" style=\"--awb-bg-size:cover;--awb-width-large:25%;--awb-margin-top-large:0px;--awb-spacing-right-large:7.68%;--awb-margin-bottom-large:20px;--awb-spacing-left-large:7.68%;--awb-width-medium:25%;--awb-spacing-right-medium:7.68%;--awb-spacing-left-medium:7.68%;--awb-width-small:100%;--awb-spacing-right-small:1.92%;--awb-spacing-left-small:1.92%;\"><div class=\"fusion-column-wrapper fusion-flex-justify-content-flex-start fusion-content-layout-column\"><div class=\"fusion-image-element \" style=\"--awb-caption-title-font-family:var(--h2_typography-font-family);--awb-caption-title-font-weight:var(--h2_typography-font-weight);--awb-caption-title-font-style:var(--h2_typography-font-style);--awb-caption-title-size:var(--h2_typography-font-size);--awb-caption-title-transform:var(--h2_typography-text-transform);--awb-caption-title-line-height:var(--h2_typography-line-height);--awb-caption-title-letter-spacing:var(--h2_typography-letter-spacing);\"><span class=\" fusion-imageframe imageframe-none imageframe-3 hover-type-zoomin\"><a href=\"https:\/\/www.northern-moments.com\/wp-content\/uploads\/2015\/02\/Hund_1.jpg\" class=\"fusion-lightbox\" data-rel=\"iLightbox[1c1f33e62a73fbaf72a]\" data-title=\"Hund_1\" title=\"Hund_1\"><img decoding=\"async\" width=\"596\" height=\"750\" src=\"https:\/\/www.northern-moments.com\/wp-content\/uploads\/2015\/02\/Hund_1.jpg\" alt class=\"img-responsive wp-image-1936\" srcset=\"https:\/\/www.northern-moments.com\/wp-content\/uploads\/2015\/02\/Hund_1-238x300.jpg 238w, https:\/\/www.northern-moments.com\/wp-content\/uploads\/2015\/02\/Hund_1.jpg 596w\" sizes=\"(max-width: 596px) 100vw, 596px\" \/><\/a><\/span><\/div><\/div><\/div><div class=\"fusion-layout-column fusion_builder_column fusion-builder-column-5 fusion_builder_column_2_5 2_5 fusion-flex-column\" style=\"--awb-bg-size:cover;--awb-width-large:40%;--awb-margin-top-large:0px;--awb-spacing-right-large:3.84%;--awb-margin-bottom-large:20px;--awb-spacing-left-large:4.8%;--awb-width-medium:40%;--awb-spacing-right-medium:3.84%;--awb-spacing-left-medium:4.8%;--awb-width-small:100%;--awb-spacing-right-small:1.92%;--awb-spacing-left-small:1.92%;\"><div class=\"fusion-column-wrapper fusion-flex-justify-content-flex-start fusion-content-layout-column\"><div class=\"fusion-image-element \" style=\"text-align:center;--awb-caption-title-font-family:var(--h2_typography-font-family);--awb-caption-title-font-weight:var(--h2_typography-font-weight);--awb-caption-title-font-style:var(--h2_typography-font-style);--awb-caption-title-size:var(--h2_typography-font-size);--awb-caption-title-transform:var(--h2_typography-text-transform);--awb-caption-title-line-height:var(--h2_typography-line-height);--awb-caption-title-letter-spacing:var(--h2_typography-letter-spacing);\"><span class=\" fusion-imageframe imageframe-none imageframe-4 hover-type-zoomin\"><a href=\"https:\/\/www.northern-moments.com\/wp-content\/uploads\/2015\/02\/Kind_4.jpg\" class=\"fusion-lightbox\" data-rel=\"iLightbox[31d27a2854d16a5f47e]\" data-title=\"Kind_4\" title=\"Kind_4\"><img decoding=\"async\" width=\"880\" height=\"648\" src=\"https:\/\/www.northern-moments.com\/wp-content\/uploads\/2015\/02\/Kind_4.jpg\" alt class=\"img-responsive wp-image-1944\" srcset=\"https:\/\/www.northern-moments.com\/wp-content\/uploads\/2015\/02\/Kind_4-220x161.jpg 220w, https:\/\/www.northern-moments.com\/wp-content\/uploads\/2015\/02\/Kind_4-300x221.jpg 300w, https:\/\/www.northern-moments.com\/wp-content\/uploads\/2015\/02\/Kind_4-768x566.jpg 768w, https:\/\/www.northern-moments.com\/wp-content\/uploads\/2015\/02\/Kind_4.jpg 880w\" sizes=\"(max-width: 880px) 100vw, 880px\" \/><\/a><\/span><\/div><\/div><\/div><div class=\"fusion-layout-column fusion_builder_column fusion-builder-column-6 fusion_builder_column_3_5 3_5 fusion-flex-column\" style=\"--awb-bg-size:cover;--awb-width-large:60%;--awb-margin-top-large:0px;--awb-spacing-right-large:3.2%;--awb-margin-bottom-large:20px;--awb-spacing-left-large:3.84%;--awb-width-medium:60%;--awb-spacing-right-medium:3.2%;--awb-spacing-left-medium:3.84%;--awb-width-small:100%;--awb-spacing-right-small:1.92%;--awb-spacing-left-small:1.92%;\"><div class=\"fusion-column-wrapper fusion-flex-justify-content-flex-start fusion-content-layout-column\"><div class=\"fusion-image-element \" style=\"text-align:center;--awb-caption-title-font-family:var(--h2_typography-font-family);--awb-caption-title-font-weight:var(--h2_typography-font-weight);--awb-caption-title-font-style:var(--h2_typography-font-style);--awb-caption-title-size:var(--h2_typography-font-size);--awb-caption-title-transform:var(--h2_typography-text-transform);--awb-caption-title-line-height:var(--h2_typography-line-height);--awb-caption-title-letter-spacing:var(--h2_typography-letter-spacing);\"><span class=\" fusion-imageframe imageframe-none imageframe-5 hover-type-zoomin\"><a href=\"https:\/\/www.northern-moments.com\/wp-content\/uploads\/2015\/02\/Kind_1.jpg\" class=\"fusion-lightbox\" data-rel=\"iLightbox[b6d003e2c7c3124404c]\" data-title=\"Kind_1\" title=\"Kind_1\"><img decoding=\"async\" width=\"1370\" height=\"650\" src=\"https:\/\/www.northern-moments.com\/wp-content\/uploads\/2015\/02\/Kind_1.jpg\" alt class=\"img-responsive wp-image-1938\" srcset=\"https:\/\/www.northern-moments.com\/wp-content\/uploads\/2015\/02\/Kind_1-300x142.jpg 300w, https:\/\/www.northern-moments.com\/wp-content\/uploads\/2015\/02\/Kind_1-768x364.jpg 768w, https:\/\/www.northern-moments.com\/wp-content\/uploads\/2015\/02\/Kind_1-1024x486.jpg 1024w, https:\/\/www.northern-moments.com\/wp-content\/uploads\/2015\/02\/Kind_1.jpg 1370w\" sizes=\"(max-width: 1370px) 100vw, 1370px\" \/><\/a><\/span><\/div><\/div><\/div><div class=\"fusion-layout-column fusion_builder_column fusion-builder-column-7 fusion_builder_column_1_1 1_1 fusion-flex-column fusion-flex-align-self-flex-start fusion-column-no-min-height\" style=\"--awb-bg-size:cover;--awb-width-large:100%;--awb-margin-top-large:0px;--awb-spacing-right-large:1.92%;--awb-margin-bottom-large:0px;--awb-spacing-left-large:1.92%;--awb-width-medium:100%;--awb-spacing-right-medium:1.92%;--awb-spacing-left-medium:1.92%;--awb-width-small:100%;--awb-spacing-right-small:1.92%;--awb-spacing-left-small:1.92%;\"><div class=\"fusion-column-wrapper fusion-flex-justify-content-flex-start fusion-content-layout-column\"><div class=\"fusion-separator fusion-full-width-sep\" style=\"align-self: center;margin-left: auto;margin-right: auto;margin-top:40px;width:100%;\"><\/div><div style=\"text-align:center;\"><a class=\"fusion-button button-flat button-xlarge button-default fusion-button-default button-1 fusion-button-default-span \" style=\"--button-border-radius-top-left:2px;--button-border-radius-top-right:2px;--button-border-radius-bottom-right:2px;--button-border-radius-bottom-left:2px;\" target=\"_blank\" rel=\"noopener noreferrer\" href=\"mailto:mail@northern-moments.com\"><span class=\"fusion-button-text\">VI SER FRAM EMOT ER F\u00d6RFR\u00c5GAN<\/span><i class=\" fa fa-caret-right button-icon-right\" aria-hidden=\"true\"><\/i><\/a><\/div><\/div><\/div><\/div><\/div>\n","protected":false},"excerpt":{"rendered":"","protected":false},"author":1,"featured_media":0,"parent":0,"menu_order":0,"comment_status":"open","ping_status":"open","template":"100-width.php","meta":{"footnotes":""},"aioseo_notices":[],"_links":{"self":[{"href":"https:\/\/www.northern-moments.com\/sv\/wp-json\/wp\/v2\/pages\/1477"}],"collection":[{"href":"https:\/\/www.northern-moments.com\/sv\/wp-json\/wp\/v2\/pages"}],"about":[{"href":"https:\/\/www.northern-moments.com\/sv\/wp-json\/wp\/v2\/types\/page"}],"author":[{"embeddable":true,"href":"https:\/\/www.northern-moments.com\/sv\/wp-json\/wp\/v2\/users\/1"}],"replies":[{"embeddable":true,"href":"https:\/\/www.northern-moments.com\/sv\/wp-json\/wp\/v2\/comments?post=1477"}],"version-history":[{"count":8,"href":"https:\/\/www.northern-moments.com\/sv\/wp-json\/wp\/v2\/pages\/1477\/revisions"}],"predecessor-version":[{"id":1645,"href":"https:\/\/www.northern-moments.com\/sv\/wp-json\/wp\/v2\/pages\/1477\/revisions\/1645"}],"wp:attachment":[{"href":"https:\/\/www.northern-moments.com\/sv\/wp-json\/wp\/v2\/media?parent=1477"}],"curies":[{"name":"wp","href":"https:\/\/api.w.org\/{rel}","templated":true}]}}