{"id":2527,"date":"2021-12-01T08:35:36","date_gmt":"2021-12-01T07:35:36","guid":{"rendered":"https:\/\/www.northern-moments.com\/?page_id=2527"},"modified":"2024-01-18T20:03:47","modified_gmt":"2024-01-18T19:03:47","slug":"stugor","status":"publish","type":"page","link":"https:\/\/www.northern-moments.com\/sv\/stugor\/","title":{"rendered":"Stugor"},"content":{"rendered":"<div class=\"fusion-fullwidth fullwidth-box fusion-builder-row-1 fusion-flex-container nonhundred-percent-fullwidth non-hundred-percent-height-scrolling\" style=\"--awb-background-position:left top;--awb-border-sizes-top:1px;--awb-border-sizes-bottom:1px;--awb-border-sizes-left:0px;--awb-border-sizes-right:0px;--awb-border-color:#e2e2e2;--awb-border-radius-top-left:0px;--awb-border-radius-top-right:0px;--awb-border-radius-bottom-right:0px;--awb-border-radius-bottom-left:0px;--awb-padding-top:110px;--awb-padding-bottom:110px;--awb-background-color:#ffffff;--awb-flex-wrap:wrap;\" ><div class=\"fusion-builder-row fusion-row fusion-flex-align-items-flex-start fusion-flex-content-wrap\" style=\"max-width:1216.8px;margin-left: calc(-4% \/ 2 );margin-right: calc(-4% \/ 2 );\"><div class=\"fusion-layout-column fusion_builder_column fusion-builder-column-0 fusion_builder_column_1_1 1_1 fusion-flex-column\" style=\"--awb-bg-size:cover;--awb-width-large:100%;--awb-margin-top-large:0px;--awb-spacing-right-large:1.92%;--awb-margin-bottom-large:20px;--awb-spacing-left-large:1.92%;--awb-width-medium:100%;--awb-spacing-right-medium:1.92%;--awb-spacing-left-medium:1.92%;--awb-width-small:100%;--awb-spacing-right-small:1.92%;--awb-spacing-left-small:1.92%;\"><div class=\"fusion-column-wrapper fusion-flex-justify-content-flex-start fusion-content-layout-column\"><div class=\"fusion-title title fusion-title-1 fusion-sep-none fusion-title-text fusion-title-size-two\"><h2 class=\"fusion-title-heading title-heading-left fusion-responsive-typography-calculated\" style=\"margin:0;--fontSize:28;line-height:1.21;\">Skogsg\u00e5rd \u00c4ngersj\u00f6berget: Naturn\u00e4ra semester i H\u00e4rjedalen<\/h2><\/div><div class=\"fusion-text fusion-text-1\"><p><strong>Skogsg\u00e5rden \u00c4ngersj\u00f6berget<\/strong> ligger i vackra <strong>H\u00e4rjedalen<\/strong> \u2013 ett mycket fint st\u00e4lle f\u00f6r att uppleva lugnet i naturen.<\/p>\n<p><strong>Semesterstugan<\/strong> direkt intill <strong>skogsbrynet<\/strong> \u00e4r din utg\u00e5ngspunkt f\u00f6r <strong>utflykter<\/strong>, <strong>vandringar<\/strong>, <strong>fiske- och paddelturer<\/strong>. Upplev <strong>hundspann eller sl\u00e4dturer med v\u00e5ra huskys<\/strong>, vi erbjuder olika aktiviteter efter f\u00f6ranm\u00e4lan.<\/p>\n<p>P\u00e5 v\u00e5r <strong>skogsg\u00e5rd<\/strong> kan vi verkligen <strong>lova naturn\u00e4ra upplevelser f\u00f6r hela familjen<\/strong>! Barnen har chans att l\u00e4ra k\u00e4nna <strong>djuren<\/strong> och g\u00e5rden p\u00e5 n\u00e4ra h\u00e5ll: vi har <strong>grisar<\/strong> som b\u00f6kar i skogen, <strong>Highland cattle-kor<\/strong> och <strong>frig\u00e5ende h\u00f6ns<\/strong>. Snart tillkommer \u00e4ven mj\u00f6kkor i familjen. Som lantbrukare \u00e4r vi delvis sj\u00e4lvf\u00f6rs\u00f6rjande och uppskattar en livsstil i samklang med naturen.<\/p>\n<p><strong>B\u00e5da stugor<\/strong> har plats f\u00f6r <strong>4 personer<\/strong> och \u00e4r utrustat med allt du beh\u00f6ver f\u00f6r ditt sj\u00e4lvhush\u00e5ll.<br \/>\nEtt hus har <strong>flyttande vatten<\/strong> och den andra har brunnen direkt vid huset och en stor varmvattenberedere med dusch i huset.<\/p>\n<p>Pris: 1.000:- kronor\/natt<\/p>\n<p>V\u00e4lkommen hos oss p\u00e5 \u00c4ngersj\u00f6berget!<\/p>\n<\/div><\/div><\/div><div class=\"fusion-layout-column fusion_builder_column fusion-builder-column-1 fusion_builder_column_1_1 1_1 fusion-flex-column fusion-flex-align-self-flex-start fusion-column-no-min-height\" style=\"--awb-bg-size:cover;--awb-width-large:100%;--awb-margin-top-large:0px;--awb-spacing-right-large:1.92%;--awb-margin-bottom-large:0px;--awb-spacing-left-large:1.92%;--awb-width-medium:100%;--awb-spacing-right-medium:1.92%;--awb-spacing-left-medium:1.92%;--awb-width-small:100%;--awb-spacing-right-small:1.92%;--awb-spacing-left-small:1.92%;\"><div class=\"fusion-column-wrapper fusion-flex-justify-content-flex-start fusion-content-layout-column\"><div class=\"fusion-separator\" style=\"align-self: center;margin-left: auto;margin-right: auto;margin-top:20px;margin-bottom:0px;width:100%;max-width:170px;\"><\/div><div class=\"awb-gallery-wrapper awb-gallery-wrapper-1 button-span-no\"><div style=\"margin:-5px;--awb-bordersize:0px;\" class=\"fusion-gallery fusion-gallery-container fusion-grid-3 fusion-columns-total-24 fusion-gallery-layout-grid fusion-gallery-1\"><div style=\"padding:5px;\" class=\"fusion-grid-column fusion-gallery-column fusion-gallery-column-3 hover-type-none\"><div class=\"fusion-gallery-image\"><a href=\"https:\/\/www.northern-moments.com\/wp-content\/uploads\/Rothaus4.jpg\" rel=\"noreferrer\" data-rel=\"iLightbox[gallery_image_1]\" class=\"fusion-lightbox\" target=\"_self\"><img decoding=\"async\" src=\"https:\/\/www.northern-moments.com\/wp-content\/uploads\/Rothaus4-460x295.jpg\" width=\"460\" height=\"295\" alt=\"\" title=\"Rothaus4\" aria-label=\"Rothaus4\" class=\"img-responsive wp-image-2503 fusion-gallery-image-size-fixed\"  \/><\/a><\/div><\/div><div style=\"padding:5px;\" class=\"fusion-grid-column fusion-gallery-column fusion-gallery-column-3 hover-type-none\"><div class=\"fusion-gallery-image\"><a href=\"https:\/\/www.northern-moments.com\/wp-content\/uploads\/image0.jpeg\" rel=\"noreferrer\" data-rel=\"iLightbox[gallery_image_1]\" class=\"fusion-lightbox\" target=\"_self\"><img decoding=\"async\" src=\"https:\/\/www.northern-moments.com\/wp-content\/uploads\/image0-460x295.jpeg\" width=\"460\" height=\"295\" alt=\"\" title=\"image0\" aria-label=\"image0\" class=\"img-responsive wp-image-2413 fusion-gallery-image-size-fixed\"  \/><\/a><\/div><\/div><div style=\"padding:5px;\" class=\"fusion-grid-column fusion-gallery-column fusion-gallery-column-3 hover-type-none\"><div class=\"fusion-gallery-image\"><a href=\"https:\/\/www.northern-moments.com\/wp-content\/uploads\/Rothaus2.jpg\" rel=\"noreferrer\" data-rel=\"iLightbox[gallery_image_1]\" class=\"fusion-lightbox\" target=\"_self\"><img decoding=\"async\" src=\"https:\/\/www.northern-moments.com\/wp-content\/uploads\/Rothaus2-460x295.jpg\" width=\"460\" height=\"295\" alt=\"\" title=\"Rothaus2\" aria-label=\"Rothaus2\" class=\"img-responsive wp-image-2500 fusion-gallery-image-size-fixed\"  \/><\/a><\/div><\/div><div class=\"clearfix\"><\/div><div style=\"padding:5px;\" class=\"fusion-grid-column fusion-gallery-column fusion-gallery-column-3 hover-type-none\"><div class=\"fusion-gallery-image\"><a href=\"https:\/\/www.northern-moments.com\/wp-content\/uploads\/image1.jpeg\" rel=\"noreferrer\" data-rel=\"iLightbox[gallery_image_1]\" class=\"fusion-lightbox\" target=\"_self\"><img decoding=\"async\" src=\"https:\/\/www.northern-moments.com\/wp-content\/uploads\/image1-460x295.jpeg\" width=\"460\" height=\"295\" alt=\"\" title=\"image1\" aria-label=\"image1\" class=\"img-responsive wp-image-2422 fusion-gallery-image-size-fixed\"  \/><\/a><\/div><\/div><div style=\"padding:5px;\" class=\"fusion-grid-column fusion-gallery-column fusion-gallery-column-3 hover-type-none\"><div class=\"fusion-gallery-image\"><a href=\"https:\/\/www.northern-moments.com\/wp-content\/uploads\/rothaus8.jpg\" rel=\"noreferrer\" data-rel=\"iLightbox[gallery_image_1]\" class=\"fusion-lightbox\" target=\"_self\"><img decoding=\"async\" src=\"https:\/\/www.northern-moments.com\/wp-content\/uploads\/rothaus8-460x295.jpg\" width=\"460\" height=\"295\" alt=\"\" title=\"rothaus8\" aria-label=\"rothaus8\" class=\"img-responsive wp-image-2506 fusion-gallery-image-size-fixed\"  \/><\/a><\/div><\/div><div style=\"padding:5px;\" class=\"fusion-grid-column fusion-gallery-column fusion-gallery-column-3 hover-type-none\"><div class=\"fusion-gallery-image\"><a href=\"https:\/\/www.northern-moments.com\/wp-content\/uploads\/image3.jpeg\" rel=\"noreferrer\" data-rel=\"iLightbox[gallery_image_1]\" class=\"fusion-lightbox\" target=\"_self\"><img decoding=\"async\" src=\"https:\/\/www.northern-moments.com\/wp-content\/uploads\/image3-460x295.jpeg\" width=\"460\" height=\"295\" alt=\"\" title=\"image3\" aria-label=\"image3\" class=\"img-responsive wp-image-2425 fusion-gallery-image-size-fixed\"  \/><\/a><\/div><\/div><div class=\"clearfix\"><\/div><div style=\"padding:5px;\" class=\"fusion-grid-column fusion-gallery-column fusion-gallery-column-3 hover-type-none\"><div class=\"fusion-gallery-image\"><a href=\"https:\/\/www.northern-moments.com\/wp-content\/uploads\/image4.jpeg\" rel=\"noreferrer\" data-rel=\"iLightbox[gallery_image_1]\" class=\"fusion-lightbox\" target=\"_self\"><img decoding=\"async\" src=\"https:\/\/www.northern-moments.com\/wp-content\/uploads\/image4-460x295.jpeg\" width=\"460\" height=\"295\" alt=\"\" title=\"image4\" aria-label=\"image4\" class=\"img-responsive wp-image-2431 fusion-gallery-image-size-fixed\"  \/><\/a><\/div><\/div><div style=\"padding:5px;\" class=\"fusion-grid-column fusion-gallery-column fusion-gallery-column-3 hover-type-none\"><div class=\"fusion-gallery-image\"><a href=\"https:\/\/www.northern-moments.com\/wp-content\/uploads\/image0-1-1.jpeg\" rel=\"noreferrer\" data-rel=\"iLightbox[gallery_image_1]\" class=\"fusion-lightbox\" target=\"_self\"><img decoding=\"async\" src=\"https:\/\/www.northern-moments.com\/wp-content\/uploads\/image0-1-1-460x295.jpeg\" width=\"460\" height=\"295\" alt=\"\" title=\"image0 (1)-1\" aria-label=\"image0 (1)-1\" class=\"img-responsive wp-image-2401 fusion-gallery-image-size-fixed\"  \/><\/a><\/div><\/div><div style=\"padding:5px;\" class=\"fusion-grid-column fusion-gallery-column fusion-gallery-column-3 hover-type-none\"><div class=\"fusion-gallery-image\"><a href=\"https:\/\/www.northern-moments.com\/wp-content\/uploads\/image0-2.jpeg\" rel=\"noreferrer\" data-rel=\"iLightbox[gallery_image_1]\" class=\"fusion-lightbox\" target=\"_self\"><img decoding=\"async\" src=\"https:\/\/www.northern-moments.com\/wp-content\/uploads\/image0-2-460x295.jpeg\" width=\"460\" height=\"295\" alt=\"\" title=\"image0 (2)\" aria-label=\"image0 (2)\" class=\"img-responsive wp-image-2407 fusion-gallery-image-size-fixed\"  \/><\/a><\/div><\/div><div class=\"clearfix\"><\/div><div style=\"padding:5px;\" class=\"fusion-grid-column fusion-gallery-column fusion-gallery-column-3 hover-type-none\"><div class=\"fusion-gallery-image\"><a href=\"https:\/\/www.northern-moments.com\/wp-content\/uploads\/image1-1.jpeg\" rel=\"noreferrer\" data-rel=\"iLightbox[gallery_image_1]\" class=\"fusion-lightbox\" target=\"_self\"><img decoding=\"async\" src=\"https:\/\/www.northern-moments.com\/wp-content\/uploads\/image1-1-460x295.jpeg\" width=\"460\" height=\"295\" alt=\"\" title=\"image1 (1)\" aria-label=\"image1 (1)\" class=\"img-responsive wp-image-2419 fusion-gallery-image-size-fixed\"  \/><\/a><\/div><\/div><div style=\"padding:5px;\" class=\"fusion-grid-column fusion-gallery-column fusion-gallery-column-3 hover-type-none\"><div class=\"fusion-gallery-image\"><a href=\"https:\/\/www.northern-moments.com\/wp-content\/uploads\/image5.jpeg\" rel=\"noreferrer\" data-rel=\"iLightbox[gallery_image_1]\" class=\"fusion-lightbox\" target=\"_self\"><img decoding=\"async\" src=\"https:\/\/www.northern-moments.com\/wp-content\/uploads\/image5-460x295.jpeg\" width=\"460\" height=\"295\" alt=\"\" title=\"image5\" aria-label=\"image5\" class=\"img-responsive wp-image-2434 fusion-gallery-image-size-fixed\"  \/><\/a><\/div><\/div><div style=\"padding:5px;\" class=\"fusion-grid-column fusion-gallery-column fusion-gallery-column-3 hover-type-none\"><div class=\"fusion-gallery-image\"><a href=\"https:\/\/www.northern-moments.com\/wp-content\/uploads\/image8-1.jpeg\" rel=\"noreferrer\" data-rel=\"iLightbox[gallery_image_1]\" class=\"fusion-lightbox\" target=\"_self\"><img decoding=\"async\" src=\"https:\/\/www.northern-moments.com\/wp-content\/uploads\/image8-1-460x295.jpeg\" width=\"460\" height=\"295\" alt=\"\" title=\"image8 (1)\" aria-label=\"image8 (1)\" class=\"img-responsive wp-image-2443 fusion-gallery-image-size-fixed\"  \/><\/a><\/div><\/div><div class=\"clearfix\"><\/div><div style=\"padding:5px;\" class=\"fusion-grid-column fusion-gallery-column fusion-gallery-column-3 hover-type-none\"><div class=\"fusion-gallery-image\"><a href=\"https:\/\/www.northern-moments.com\/wp-content\/uploads\/image11.jpeg\" rel=\"noreferrer\" data-rel=\"iLightbox[gallery_image_1]\" class=\"fusion-lightbox\" target=\"_self\"><img decoding=\"async\" src=\"https:\/\/www.northern-moments.com\/wp-content\/uploads\/image11-460x295.jpeg\" width=\"460\" height=\"295\" alt=\"\" title=\"image11\" aria-label=\"image11\" class=\"img-responsive wp-image-2449 fusion-gallery-image-size-fixed\"  \/><\/a><\/div><\/div><div style=\"padding:5px;\" class=\"fusion-grid-column fusion-gallery-column fusion-gallery-column-3 hover-type-none\"><div class=\"fusion-gallery-image\"><a href=\"https:\/\/www.northern-moments.com\/wp-content\/uploads\/image13.jpeg\" rel=\"noreferrer\" data-rel=\"iLightbox[gallery_image_1]\" class=\"fusion-lightbox\" target=\"_self\"><img decoding=\"async\" src=\"https:\/\/www.northern-moments.com\/wp-content\/uploads\/image13-460x295.jpeg\" width=\"460\" height=\"295\" alt=\"\" title=\"image13\" aria-label=\"image13\" class=\"img-responsive wp-image-2455 fusion-gallery-image-size-fixed\"  \/><\/a><\/div><\/div><div style=\"padding:5px;\" class=\"fusion-grid-column fusion-gallery-column fusion-gallery-column-3 hover-type-none\"><div class=\"fusion-gallery-image\"><a href=\"https:\/\/www.northern-moments.com\/wp-content\/uploads\/image14.jpeg\" rel=\"noreferrer\" data-rel=\"iLightbox[gallery_image_1]\" class=\"fusion-lightbox\" target=\"_self\"><img decoding=\"async\" src=\"https:\/\/www.northern-moments.com\/wp-content\/uploads\/image14-460x295.jpeg\" width=\"460\" height=\"295\" alt=\"\" title=\"image14\" aria-label=\"image14\" class=\"img-responsive wp-image-2461 fusion-gallery-image-size-fixed\"  \/><\/a><\/div><\/div><div class=\"clearfix\"><\/div><div style=\"padding:5px;\" class=\"fusion-grid-column fusion-gallery-column fusion-gallery-column-3 hover-type-none\"><div class=\"fusion-gallery-image\"><a href=\"https:\/\/www.northern-moments.com\/wp-content\/uploads\/image15.jpeg\" rel=\"noreferrer\" data-rel=\"iLightbox[gallery_image_1]\" class=\"fusion-lightbox\" target=\"_self\"><img decoding=\"async\" src=\"https:\/\/www.northern-moments.com\/wp-content\/uploads\/image15-460x295.jpeg\" width=\"460\" height=\"295\" alt=\"\" title=\"image15\" aria-label=\"image15\" class=\"img-responsive wp-image-2467 fusion-gallery-image-size-fixed\"  \/><\/a><\/div><\/div><div style=\"padding:5px;\" class=\"fusion-grid-column fusion-gallery-column fusion-gallery-column-3 hover-type-none\"><div class=\"fusion-gallery-image\"><a href=\"https:\/\/www.northern-moments.com\/wp-content\/uploads\/image16.jpeg\" rel=\"noreferrer\" data-rel=\"iLightbox[gallery_image_1]\" class=\"fusion-lightbox\" target=\"_self\"><img decoding=\"async\" src=\"https:\/\/www.northern-moments.com\/wp-content\/uploads\/image16-460x295.jpeg\" width=\"460\" height=\"295\" alt=\"\" title=\"image16\" aria-label=\"image16\" class=\"img-responsive wp-image-2473 fusion-gallery-image-size-fixed\"  \/><\/a><\/div><\/div><div style=\"padding:5px;\" class=\"fusion-grid-column fusion-gallery-column fusion-gallery-column-3 hover-type-none\"><div class=\"fusion-gallery-image\"><a href=\"https:\/\/www.northern-moments.com\/wp-content\/uploads\/IMG_1427.jpg\" rel=\"noreferrer\" data-rel=\"iLightbox[gallery_image_1]\" class=\"fusion-lightbox\" target=\"_self\"><img decoding=\"async\" src=\"https:\/\/www.northern-moments.com\/wp-content\/uploads\/IMG_1427-460x295.jpg\" width=\"460\" height=\"295\" alt=\"\" title=\"IMG_1427\" aria-label=\"IMG_1427\" class=\"img-responsive wp-image-2476 fusion-gallery-image-size-fixed\"  \/><\/a><\/div><\/div><div class=\"clearfix\"><\/div><div style=\"padding:5px;\" class=\"fusion-grid-column fusion-gallery-column fusion-gallery-column-3 hover-type-none\"><div class=\"fusion-gallery-image\"><a href=\"https:\/\/www.northern-moments.com\/wp-content\/uploads\/IMG_1428.jpg\" rel=\"noreferrer\" data-rel=\"iLightbox[gallery_image_1]\" class=\"fusion-lightbox\" target=\"_self\"><img decoding=\"async\" src=\"https:\/\/www.northern-moments.com\/wp-content\/uploads\/IMG_1428-460x295.jpg\" width=\"460\" height=\"295\" alt=\"\" title=\"IMG_1428\" aria-label=\"IMG_1428\" class=\"img-responsive wp-image-2479 fusion-gallery-image-size-fixed\"  \/><\/a><\/div><\/div><div style=\"padding:5px;\" class=\"fusion-grid-column fusion-gallery-column fusion-gallery-column-3 hover-type-none\"><div class=\"fusion-gallery-image\"><a href=\"https:\/\/www.northern-moments.com\/wp-content\/uploads\/IMG_1429.jpg\" rel=\"noreferrer\" data-rel=\"iLightbox[gallery_image_1]\" class=\"fusion-lightbox\" target=\"_self\"><img decoding=\"async\" src=\"https:\/\/www.northern-moments.com\/wp-content\/uploads\/IMG_1429-460x295.jpg\" width=\"460\" height=\"295\" alt=\"\" title=\"IMG_1429\" aria-label=\"IMG_1429\" class=\"img-responsive wp-image-2482 fusion-gallery-image-size-fixed\"  \/><\/a><\/div><\/div><div style=\"padding:5px;\" class=\"fusion-grid-column fusion-gallery-column fusion-gallery-column-3 hover-type-none\"><div class=\"fusion-gallery-image\"><a href=\"https:\/\/www.northern-moments.com\/wp-content\/uploads\/IMG_1432.jpg\" rel=\"noreferrer\" data-rel=\"iLightbox[gallery_image_1]\" class=\"fusion-lightbox\" target=\"_self\"><img decoding=\"async\" src=\"https:\/\/www.northern-moments.com\/wp-content\/uploads\/IMG_1432-460x295.jpg\" width=\"460\" height=\"295\" alt=\"\" title=\"IMG_1432\" aria-label=\"IMG_1432\" class=\"img-responsive wp-image-2485 fusion-gallery-image-size-fixed\"  \/><\/a><\/div><\/div><div class=\"clearfix\"><\/div><div style=\"padding:5px;\" class=\"fusion-grid-column fusion-gallery-column fusion-gallery-column-3 hover-type-none\"><div class=\"fusion-gallery-image\"><a href=\"https:\/\/www.northern-moments.com\/wp-content\/uploads\/PICT0086.jpg\" rel=\"noreferrer\" data-rel=\"iLightbox[gallery_image_1]\" class=\"fusion-lightbox\" target=\"_self\"><img decoding=\"async\" src=\"https:\/\/www.northern-moments.com\/wp-content\/uploads\/PICT0086-460x295.jpg\" width=\"460\" height=\"295\" alt=\"\" title=\"MINOLTA DIGITAL CAMERA\" aria-label=\"MINOLTA DIGITAL CAMERA\" class=\"img-responsive wp-image-2491 fusion-gallery-image-size-fixed\"  \/><\/a><\/div><\/div><div style=\"padding:5px;\" class=\"fusion-grid-column fusion-gallery-column fusion-gallery-column-3 hover-type-none\"><div class=\"fusion-gallery-image\"><a href=\"https:\/\/www.northern-moments.com\/wp-content\/uploads\/PICT0091.jpg\" rel=\"noreferrer\" data-rel=\"iLightbox[gallery_image_1]\" class=\"fusion-lightbox\" target=\"_self\"><img decoding=\"async\" src=\"https:\/\/www.northern-moments.com\/wp-content\/uploads\/PICT0091-460x295.jpg\" width=\"460\" height=\"295\" alt=\"\" title=\"MINOLTA DIGITAL CAMERA\" aria-label=\"MINOLTA DIGITAL CAMERA\" class=\"img-responsive wp-image-2494 fusion-gallery-image-size-fixed\"  \/><\/a><\/div><\/div><div style=\"padding:5px;\" class=\"fusion-grid-column fusion-gallery-column fusion-gallery-column-3 hover-type-none\"><div class=\"fusion-gallery-image\"><a href=\"https:\/\/www.northern-moments.com\/wp-content\/uploads\/Rothaus1.jpg\" rel=\"noreferrer\" data-rel=\"iLightbox[gallery_image_1]\" class=\"fusion-lightbox\" target=\"_self\"><img decoding=\"async\" src=\"https:\/\/www.northern-moments.com\/wp-content\/uploads\/Rothaus1-460x295.jpg\" width=\"460\" height=\"295\" alt=\"\" title=\"Rothaus1\" aria-label=\"Rothaus1\" class=\"img-responsive wp-image-2497 fusion-gallery-image-size-fixed\"  \/><\/a><\/div><\/div><div class=\"clearfix\"><\/div><\/div><\/div><\/div><\/div><div class=\"fusion-layout-column fusion_builder_column fusion-builder-column-2 fusion_builder_column_1_1 1_1 fusion-flex-column fusion-flex-align-self-flex-start fusion-column-no-min-height\" style=\"--awb-bg-size:cover;--awb-width-large:100%;--awb-margin-top-large:0px;--awb-spacing-right-large:1.92%;--awb-margin-bottom-large:0px;--awb-spacing-left-large:1.92%;--awb-width-medium:100%;--awb-spacing-right-medium:1.92%;--awb-spacing-left-medium:1.92%;--awb-width-small:100%;--awb-spacing-right-small:1.92%;--awb-spacing-left-small:1.92%;\"><div class=\"fusion-column-wrapper fusion-flex-justify-content-flex-start fusion-content-layout-column\"><div class=\"fusion-separator fusion-full-width-sep\" style=\"align-self: center;margin-left: auto;margin-right: auto;margin-top:40px;width:100%;\"><\/div><div style=\"text-align:center;\"><a class=\"fusion-button button-flat button-xlarge button-default fusion-button-default button-1 fusion-button-default-span \" target=\"_blank\" rel=\"noopener noreferrer\" href=\"mailto:mail@northern-moments.com\"><span class=\"fusion-button-text\">VI SER FRAM EMOT ER F\u00d6RFR\u00c5GAN<\/span><i class=\"fa-caret-right fas button-icon-right\" aria-hidden=\"true\"><\/i><\/a><\/div><\/div><\/div><\/div><\/div>\n","protected":false},"excerpt":{"rendered":"","protected":false},"author":1,"featured_media":0,"parent":0,"menu_order":0,"comment_status":"open","ping_status":"open","template":"100-width.php","meta":{"footnotes":""},"aioseo_notices":[],"_links":{"self":[{"href":"https:\/\/www.northern-moments.com\/sv\/wp-json\/wp\/v2\/pages\/2527"}],"collection":[{"href":"https:\/\/www.northern-moments.com\/sv\/wp-json\/wp\/v2\/pages"}],"about":[{"href":"https:\/\/www.northern-moments.com\/sv\/wp-json\/wp\/v2\/types\/page"}],"author":[{"embeddable":true,"href":"https:\/\/www.northern-moments.com\/sv\/wp-json\/wp\/v2\/users\/1"}],"replies":[{"embeddable":true,"href":"https:\/\/www.northern-moments.com\/sv\/wp-json\/wp\/v2\/comments?post=2527"}],"version-history":[{"count":4,"href":"https:\/\/www.northern-moments.com\/sv\/wp-json\/wp\/v2\/pages\/2527\/revisions"}],"predecessor-version":[{"id":2629,"href":"https:\/\/www.northern-moments.com\/sv\/wp-json\/wp\/v2\/pages\/2527\/revisions\/2629"}],"wp:attachment":[{"href":"https:\/\/www.northern-moments.com\/sv\/wp-json\/wp\/v2\/media?parent=2527"}],"curies":[{"name":"wp","href":"https:\/\/api.w.org\/{rel}","templated":true}]}}