{"id":2543,"date":"2021-12-01T09:42:22","date_gmt":"2021-12-01T08:42:22","guid":{"rendered":"https:\/\/www.northern-moments.com\/?page_id=2543"},"modified":"2024-01-18T20:05:10","modified_gmt":"2024-01-18T19:05:10","slug":"lantbruksdjur","status":"publish","type":"page","link":"https:\/\/www.northern-moments.com\/sv\/lantbruksdjur\/","title":{"rendered":"Lantbruksdjur"},"content":{"rendered":"<div class=\"fusion-fullwidth fullwidth-box fusion-builder-row-1 fusion-flex-container nonhundred-percent-fullwidth non-hundred-percent-height-scrolling\" style=\"--awb-background-position:left top;--awb-border-sizes-top:1px;--awb-border-sizes-bottom:1px;--awb-border-sizes-left:0px;--awb-border-sizes-right:0px;--awb-border-color:#e2e2e2;--awb-border-radius-top-left:0px;--awb-border-radius-top-right:0px;--awb-border-radius-bottom-right:0px;--awb-border-radius-bottom-left:0px;--awb-padding-top:110px;--awb-padding-bottom:110px;--awb-background-color:#ffffff;--awb-flex-wrap:wrap;\" ><div class=\"fusion-builder-row fusion-row fusion-flex-align-items-flex-start fusion-flex-content-wrap\" style=\"max-width:1216.8px;margin-left: calc(-4% \/ 2 );margin-right: calc(-4% \/ 2 );\"><div class=\"fusion-layout-column fusion_builder_column fusion-builder-column-0 fusion_builder_column_1_1 1_1 fusion-flex-column\" style=\"--awb-bg-size:cover;--awb-width-large:100%;--awb-margin-top-large:0px;--awb-spacing-right-large:1.92%;--awb-margin-bottom-large:20px;--awb-spacing-left-large:1.92%;--awb-width-medium:100%;--awb-spacing-right-medium:1.92%;--awb-spacing-left-medium:1.92%;--awb-width-small:100%;--awb-spacing-right-small:1.92%;--awb-spacing-left-small:1.92%;\"><div class=\"fusion-column-wrapper fusion-flex-justify-content-flex-start fusion-content-layout-column\"><div class=\"fusion-title title fusion-title-1 fusion-sep-none fusion-title-text fusion-title-size-two\"><h2 class=\"fusion-title-heading title-heading-left fusion-responsive-typography-calculated\" style=\"margin:0;--fontSize:28;line-height:1.21;\">V\u00e5ra Lantbruksdjur<\/h2><\/div><div class=\"fusion-text fusion-text-1\"><p>Under de senaste fyra \u00e5ren har vi steg f\u00f6r steg \u00e5terupptagit en gammal g\u00e5rd och nu f\u00e5r vi leva tillsammans med underbara <strong>Highland Cattles<\/strong>, en <strong>Jersey-ko med kalvar<\/strong>, <strong>grisar<\/strong>, <strong>h\u00f6ns<\/strong> och <strong>kalkoner<\/strong>.<\/p>\n<p><strong>Under tiden producerar vi alla animaliska livsmedel sj\u00e4lva.<\/strong><\/p>\n<\/div><\/div><\/div><div class=\"fusion-layout-column fusion_builder_column fusion-builder-column-1 fusion_builder_column_1_1 1_1 fusion-flex-column\" style=\"--awb-bg-size:cover;--awb-width-large:100%;--awb-margin-top-large:0px;--awb-spacing-right-large:1.92%;--awb-margin-bottom-large:20px;--awb-spacing-left-large:1.92%;--awb-width-medium:100%;--awb-spacing-right-medium:1.92%;--awb-spacing-left-medium:1.92%;--awb-width-small:100%;--awb-spacing-right-small:1.92%;--awb-spacing-left-small:1.92%;\"><div class=\"fusion-column-wrapper fusion-flex-justify-content-flex-start fusion-content-layout-column\"><div class=\"awb-gallery-wrapper awb-gallery-wrapper-1 button-span-no\"><div style=\"margin:-5px;--awb-bordersize:0px;\" class=\"fusion-gallery fusion-gallery-container fusion-grid-2 fusion-columns-total-5 fusion-gallery-layout-grid fusion-gallery-1\"><div style=\"padding:5px;\" class=\"fusion-grid-column fusion-gallery-column fusion-gallery-column-2 hover-type-none\"><div class=\"fusion-gallery-image\"><a href=\"https:\/\/www.northern-moments.com\/wp-content\/uploads\/Bauernhoftiere_01.jpg\" rel=\"noreferrer\" data-rel=\"iLightbox[gallery_image_1]\" class=\"fusion-lightbox\" target=\"_self\"><img decoding=\"async\" src=\"https:\/\/www.northern-moments.com\/wp-content\/uploads\/Bauernhoftiere_01.jpg\" width=\"1200\" height=\"900\" alt=\"\" title=\"Bauernhoftiere_01\" aria-label=\"Bauernhoftiere_01\" class=\"img-responsive wp-image-2545\" srcset=\"https:\/\/www.northern-moments.com\/wp-content\/uploads\/Bauernhoftiere_01-200x150.jpg 200w, https:\/\/www.northern-moments.com\/wp-content\/uploads\/Bauernhoftiere_01-400x300.jpg 400w, https:\/\/www.northern-moments.com\/wp-content\/uploads\/Bauernhoftiere_01-600x450.jpg 600w, https:\/\/www.northern-moments.com\/wp-content\/uploads\/Bauernhoftiere_01-800x600.jpg 800w, https:\/\/www.northern-moments.com\/wp-content\/uploads\/Bauernhoftiere_01.jpg 1200w\" sizes=\"(min-width: 2200px) 100vw, (min-width: 732px) 583px, (min-width: 640px) 732px, \" \/><\/a><\/div><\/div><div style=\"padding:5px;\" class=\"fusion-grid-column fusion-gallery-column fusion-gallery-column-2 hover-type-none\"><div class=\"fusion-gallery-image\"><a href=\"https:\/\/www.northern-moments.com\/wp-content\/uploads\/Bauernhoftiere_02.jpg\" rel=\"noreferrer\" data-rel=\"iLightbox[gallery_image_1]\" class=\"fusion-lightbox\" target=\"_self\"><img decoding=\"async\" src=\"https:\/\/www.northern-moments.com\/wp-content\/uploads\/Bauernhoftiere_02.jpg\" width=\"1200\" height=\"900\" alt=\"\" title=\"Bauernhoftiere_02\" aria-label=\"Bauernhoftiere_02\" class=\"img-responsive wp-image-2548\" srcset=\"https:\/\/www.northern-moments.com\/wp-content\/uploads\/Bauernhoftiere_02-200x150.jpg 200w, https:\/\/www.northern-moments.com\/wp-content\/uploads\/Bauernhoftiere_02-400x300.jpg 400w, https:\/\/www.northern-moments.com\/wp-content\/uploads\/Bauernhoftiere_02-600x450.jpg 600w, https:\/\/www.northern-moments.com\/wp-content\/uploads\/Bauernhoftiere_02-800x600.jpg 800w, https:\/\/www.northern-moments.com\/wp-content\/uploads\/Bauernhoftiere_02.jpg 1200w\" sizes=\"(min-width: 2200px) 100vw, (min-width: 732px) 583px, (min-width: 640px) 732px, \" \/><\/a><\/div><\/div><div class=\"clearfix\"><\/div><div style=\"padding:5px;\" class=\"fusion-grid-column fusion-gallery-column fusion-gallery-column-2 hover-type-none\"><div class=\"fusion-gallery-image\"><a href=\"https:\/\/www.northern-moments.com\/wp-content\/uploads\/Bauernhoftiere_03.jpg\" rel=\"noreferrer\" data-rel=\"iLightbox[gallery_image_1]\" class=\"fusion-lightbox\" target=\"_self\"><img decoding=\"async\" src=\"https:\/\/www.northern-moments.com\/wp-content\/uploads\/Bauernhoftiere_03.jpg\" width=\"3024\" height=\"2268\" alt=\"\" title=\"Bauernhoftiere_03\" aria-label=\"Bauernhoftiere_03\" class=\"img-responsive wp-image-2551\" srcset=\"https:\/\/www.northern-moments.com\/wp-content\/uploads\/Bauernhoftiere_03-200x150.jpg 200w, https:\/\/www.northern-moments.com\/wp-content\/uploads\/Bauernhoftiere_03-400x300.jpg 400w, https:\/\/www.northern-moments.com\/wp-content\/uploads\/Bauernhoftiere_03-600x450.jpg 600w, https:\/\/www.northern-moments.com\/wp-content\/uploads\/Bauernhoftiere_03-800x600.jpg 800w, https:\/\/www.northern-moments.com\/wp-content\/uploads\/Bauernhoftiere_03-1200x900.jpg 1200w, https:\/\/www.northern-moments.com\/wp-content\/uploads\/Bauernhoftiere_03.jpg 3024w\" sizes=\"(min-width: 2200px) 100vw, (min-width: 732px) 583px, (min-width: 640px) 732px, \" \/><\/a><\/div><\/div><div style=\"padding:5px;\" class=\"fusion-grid-column fusion-gallery-column fusion-gallery-column-2 hover-type-none\"><div class=\"fusion-gallery-image\"><a href=\"https:\/\/www.northern-moments.com\/wp-content\/uploads\/Bauernhoftiere_04.jpg\" rel=\"noreferrer\" data-rel=\"iLightbox[gallery_image_1]\" class=\"fusion-lightbox\" target=\"_self\"><img decoding=\"async\" src=\"https:\/\/www.northern-moments.com\/wp-content\/uploads\/Bauernhoftiere_04.jpg\" width=\"3024\" height=\"2268\" alt=\"\" title=\"Bauernhoftiere_04\" aria-label=\"Bauernhoftiere_04\" class=\"img-responsive wp-image-2554\" srcset=\"https:\/\/www.northern-moments.com\/wp-content\/uploads\/Bauernhoftiere_04-200x150.jpg 200w, https:\/\/www.northern-moments.com\/wp-content\/uploads\/Bauernhoftiere_04-400x300.jpg 400w, https:\/\/www.northern-moments.com\/wp-content\/uploads\/Bauernhoftiere_04-600x450.jpg 600w, https:\/\/www.northern-moments.com\/wp-content\/uploads\/Bauernhoftiere_04-800x600.jpg 800w, https:\/\/www.northern-moments.com\/wp-content\/uploads\/Bauernhoftiere_04-1200x900.jpg 1200w, https:\/\/www.northern-moments.com\/wp-content\/uploads\/Bauernhoftiere_04.jpg 3024w\" sizes=\"(min-width: 2200px) 100vw, (min-width: 732px) 583px, (min-width: 640px) 732px, \" \/><\/a><\/div><\/div><div class=\"clearfix\"><\/div><div style=\"padding:5px;\" class=\"fusion-grid-column fusion-gallery-column fusion-gallery-column-2 hover-type-none\"><div class=\"fusion-gallery-image\"><a href=\"https:\/\/www.northern-moments.com\/wp-content\/uploads\/Bauernhoftiere_05.jpg\" rel=\"noreferrer\" data-rel=\"iLightbox[gallery_image_1]\" class=\"fusion-lightbox\" target=\"_self\"><img decoding=\"async\" src=\"https:\/\/www.northern-moments.com\/wp-content\/uploads\/Bauernhoftiere_05.jpg\" width=\"3024\" height=\"2268\" alt=\"\" title=\"Bauernhoftiere_05\" aria-label=\"Bauernhoftiere_05\" class=\"img-responsive wp-image-2557\" srcset=\"https:\/\/www.northern-moments.com\/wp-content\/uploads\/Bauernhoftiere_05-200x150.jpg 200w, https:\/\/www.northern-moments.com\/wp-content\/uploads\/Bauernhoftiere_05-400x300.jpg 400w, https:\/\/www.northern-moments.com\/wp-content\/uploads\/Bauernhoftiere_05-600x450.jpg 600w, https:\/\/www.northern-moments.com\/wp-content\/uploads\/Bauernhoftiere_05-800x600.jpg 800w, https:\/\/www.northern-moments.com\/wp-content\/uploads\/Bauernhoftiere_05-1200x900.jpg 1200w, https:\/\/www.northern-moments.com\/wp-content\/uploads\/Bauernhoftiere_05.jpg 3024w\" sizes=\"(min-width: 2200px) 100vw, (min-width: 732px) 583px, (min-width: 640px) 732px, \" \/><\/a><\/div><\/div><\/div><\/div><\/div><\/div><div class=\"fusion-layout-column fusion_builder_column fusion-builder-column-2 fusion_builder_column_1_1 1_1 fusion-flex-column fusion-flex-align-self-flex-start fusion-column-no-min-height\" style=\"--awb-bg-size:cover;--awb-width-large:100%;--awb-margin-top-large:0px;--awb-spacing-right-large:1.92%;--awb-margin-bottom-large:0px;--awb-spacing-left-large:1.92%;--awb-width-medium:100%;--awb-spacing-right-medium:1.92%;--awb-spacing-left-medium:1.92%;--awb-width-small:100%;--awb-spacing-right-small:1.92%;--awb-spacing-left-small:1.92%;\"><div class=\"fusion-column-wrapper fusion-flex-justify-content-flex-start fusion-content-layout-column\"><div class=\"fusion-separator fusion-full-width-sep\" style=\"align-self: center;margin-left: auto;margin-right: auto;margin-top:40px;width:100%;\"><\/div><div style=\"text-align:center;\"><a class=\"fusion-button button-flat button-xlarge button-default fusion-button-default button-1 fusion-button-default-span \" target=\"_blank\" rel=\"noopener noreferrer\" href=\"mailto:mail@northern-moments.com\"><span class=\"fusion-button-text\">VI SER FRAM EMOT ER F\u00d6RFR\u00c5GAN<\/span><i class=\"fa-caret-right fas button-icon-right\" aria-hidden=\"true\"><\/i><\/a><\/div><\/div><\/div><\/div><\/div>\n","protected":false},"excerpt":{"rendered":"","protected":false},"author":1,"featured_media":0,"parent":0,"menu_order":0,"comment_status":"open","ping_status":"open","template":"100-width.php","meta":{"footnotes":""},"aioseo_notices":[],"_links":{"self":[{"href":"https:\/\/www.northern-moments.com\/sv\/wp-json\/wp\/v2\/pages\/2543"}],"collection":[{"href":"https:\/\/www.northern-moments.com\/sv\/wp-json\/wp\/v2\/pages"}],"about":[{"href":"https:\/\/www.northern-moments.com\/sv\/wp-json\/wp\/v2\/types\/page"}],"author":[{"embeddable":true,"href":"https:\/\/www.northern-moments.com\/sv\/wp-json\/wp\/v2\/users\/1"}],"replies":[{"embeddable":true,"href":"https:\/\/www.northern-moments.com\/sv\/wp-json\/wp\/v2\/comments?post=2543"}],"version-history":[{"count":4,"href":"https:\/\/www.northern-moments.com\/sv\/wp-json\/wp\/v2\/pages\/2543\/revisions"}],"predecessor-version":[{"id":2630,"href":"https:\/\/www.northern-moments.com\/sv\/wp-json\/wp\/v2\/pages\/2543\/revisions\/2630"}],"wp:attachment":[{"href":"https:\/\/www.northern-moments.com\/sv\/wp-json\/wp\/v2\/media?parent=2543"}],"curies":[{"name":"wp","href":"https:\/\/api.w.org\/{rel}","templated":true}]}}